{"id":23,"date":"2016-02-12T08:12:49","date_gmt":"2016-02-12T08:12:49","guid":{"rendered":"http:\/\/demos.famethemes.com\/onepress\/?page_id=23"},"modified":"2021-03-25T19:47:02","modified_gmt":"2021-03-25T22:47:02","slug":"presupuesto-a-tu-medida","status":"publish","type":"page","link":"https:\/\/kitred.com.ar\/?page_id=23","title":{"rendered":"Presupuesto a tu medida"},"content":{"rendered":"<h3>Metodo de Trabajo<\/h3>\n<p>Para presupuestar el trabajo a realizar, solicitaremos un video de cada lugar a cubrir, seguido de sus medidas.<\/p>\n<p>En caso de balc\u00f3n, per\u00edmetro total, y la altura m\u00e1xima a cubrir. En ventanas base y altura.\u00a0Patios y escaleras, es necesaria una visita in situ.<\/p>\n<p>Luego, evaluaremos riesgos, para ofrecerle, el producto adecuado.<\/p>\n<p>Una vez realizado el presupuesto, necesitamos la aprobaci\u00f3n de mismo y formas de abonarlo.<\/p>\n<p>La \u00faltima instancia, ser\u00e1 la de acordar fecha de instalaci\u00f3n.<\/p>\n","protected":false},"excerpt":{"rendered":"<p>Presupuestos sin cargo,  Clic para saber m\u00e1s<\/p>\n","protected":false},"author":1,"featured_media":0,"parent":0,"menu_order":0,"comment_status":"closed","ping_status":"closed","template":"template-left-sidebar.php","meta":{"_joinchat":[],"footnotes":""},"class_list":["post-23","page","type-page","status-publish","hentry"],"_links":{"self":[{"href":"https:\/\/kitred.com.ar\/index.php?rest_route=\/wp\/v2\/pages\/23","targetHints":{"allow":["GET"]}}],"collection":[{"href":"https:\/\/kitred.com.ar\/index.php?rest_route=\/wp\/v2\/pages"}],"about":[{"href":"https:\/\/kitred.com.ar\/index.php?rest_route=\/wp\/v2\/types\/page"}],"author":[{"embeddable":true,"href":"https:\/\/kitred.com.ar\/index.php?rest_route=\/wp\/v2\/users\/1"}],"replies":[{"embeddable":true,"href":"https:\/\/kitred.com.ar\/index.php?rest_route=%2Fwp%2Fv2%2Fcomments&post=23"}],"version-history":[{"count":10,"href":"https:\/\/kitred.com.ar\/index.php?rest_route=\/wp\/v2\/pages\/23\/revisions"}],"predecessor-version":[{"id":1584,"href":"https:\/\/kitred.com.ar\/index.php?rest_route=\/wp\/v2\/pages\/23\/revisions\/1584"}],"wp:attachment":[{"href":"https:\/\/kitred.com.ar\/index.php?rest_route=%2Fwp%2Fv2%2Fmedia&parent=23"}],"curies":[{"name":"wp","href":"https:\/\/api.w.org\/{rel}","templated":true}]}}